{"id":28,"date":"2022-02-02T11:09:02","date_gmt":"2022-02-02T11:09:02","guid":{"rendered":"https:\/\/lorgnon.com\/?page_id=28"},"modified":"2022-02-24T17:57:14","modified_gmt":"2022-02-24T17:57:14","slug":"disclaimer-disclosure-policy","status":"publish","type":"page","link":"https:\/\/lorgnon.com\/tr\/disclaimer-disclosure-policy\/","title":{"rendered":"Sorumluluk Reddi ve Bilgilendirme Politikas\u0131"},"content":{"rendered":"<h3 class=\"entry-title\"><span>Ge\u00e7erlilik: 22 \u015eubat 2022<\/span><\/h3>\n<p><span>Accumoli.com, Yeeti Tech taraf\u0131ndan y\u00f6netilen blog a\u011f\u0131n\u0131n bir par\u00e7as\u0131d\u0131r.\u00a0Bu blog, nakit reklam, sponsorluk, \u00fccretli eklemeler veya di\u011fer tazminat bi\u00e7imlerini kabul eder.\u00a0Al\u0131nan tazminat, bu blogda yap\u0131lan i\u00e7eri\u011fi, konular\u0131 veya g\u00f6nderileri asla etkilemeyecektir.\u00a0T\u00fcm reklamlar, ortak oldu\u011fumuz \u00fc\u00e7\u00fcnc\u00fc taraf reklam a\u011flar\u0131 taraf\u0131ndan olu\u015fturulan reklamlar bi\u00e7imindedir.\u00a0Bu reklamlar \u00fccretli reklamlar olarak tan\u0131mlanacakt\u0131r.<\/span><\/p>\n<p><span>Accumoli.com&#8217;un blogumuzda bahsedilen baz\u0131 sat\u0131c\u0131larla pazarlama ve reklam ili\u015fkileri oldu\u011funu l\u00fctfen unutmay\u0131n.\u00a0T\u00fcketiciler bu sitedeki i\u00e7erikte yer alan ba\u011flant\u0131lar\u0131 kullanmay\u0131 ve s\u00f6z konusu t\u00fcccar i\u00e7in sat\u0131\u015f yaratmay\u0131 se\u00e7erse tazminat alabiliriz.<\/span><\/p>\n<p><span>Zaman zaman \u00fcr\u00fcnler, hizmetler, web siteleri ve di\u011fer \u00e7e\u015fitli konularda g\u00f6r\u00fc\u015f sa\u011flamak i\u00e7in de \u00fccret al\u0131yoruz.\u00a0Belirli g\u00f6nderiler veya reklamlar i\u00e7in tazminat alabilsek de, bu konular veya \u00fcr\u00fcnler hakk\u0131nda her zaman d\u00fcr\u00fcst g\u00f6r\u00fc\u015flerimizi, bulgular\u0131m\u0131z\u0131, inan\u00e7lar\u0131m\u0131z\u0131 veya deneyimlerimizi sunar\u0131z.\u00a0Bu blogda ifade edilen g\u00f6r\u00fc\u015fler ve g\u00f6r\u00fc\u015fler tamamen blog yazarlar\u0131na aittir.\u00a0Bir \u00fcr\u00fcn veya hizmetle ilgili herhangi bir \u00fcr\u00fcn iddias\u0131, istatistik, fiyat teklifi veya di\u011fer temsiller, s\u00f6z konusu \u00fcretici, sa\u011flay\u0131c\u0131 veya taraf ile do\u011frulanmal\u0131d\u0131r.<\/span><\/p>\n<p><span>Amazon Services LLC Associates Program\u0131 gibi farkl\u0131 \u00fcyelik sitelerinde de ba\u011fl\u0131 kurulu\u015f olarak kaydolabiliriz.\u00a0Bunlar, Amazon.com&#8217;a ve di\u011fer ba\u011fl\u0131 sitelere ba\u011flanarak \u00fccret kazanmam\u0131z i\u00e7in bir ara\u00e7 sa\u011flamak \u00fczere tasarlanm\u0131\u015f ba\u011fl\u0131 kurulu\u015f reklam programlar\u0131d\u0131r.\u00a0Ayr\u0131ca B\u00fct\u00fcnle\u015ftirici Beslenme Enstit\u00fcs\u00fc veya di\u011fer sa\u011fl\u0131k ve zindelik ortakl\u0131k program\u0131 a\u011flar\u0131nda ba\u011fl\u0131 kurulu\u015f olarak \u00e7al\u0131\u015fabiliriz.\u00a0Bu blogdaki g\u00f6r\u00fc\u015flerin, t\u0131bbi veya profesyonel sa\u011fl\u0131k savunucusu tavsiyesi olarak hareket etmesi ama\u00e7lanmam\u0131\u015ft\u0131r.\u00a0Herhangi bir \u00f6zel t\u0131bbi veya sa\u011fl\u0131k karar\u0131 vermeden \u00f6nce her zaman bir t\u0131p uzman\u0131na dan\u0131\u015fmal\u0131s\u0131n\u0131z. Bu blog, \u00e7\u0131kar \u00e7at\u0131\u015fmas\u0131 olu\u015fturabilecek herhangi bir i\u00e7erik i\u00e7ermemektedir.<\/span><\/p>\n<p><strong><span>G\u00fcvenlik<\/span><\/strong><\/p>\n<p><span>Bilgilerinizin g\u00fcvenli\u011fini sa\u011flamay\u0131 taahh\u00fct ediyoruz.\u00a0Yetkisiz eri\u015fimi veya if\u015fay\u0131 \u00f6nlemek i\u00e7in, \u00e7evrimi\u00e7i olarak toplad\u0131\u011f\u0131m\u0131z bilgileri korumak ve g\u00fcvence alt\u0131na almak i\u00e7in uygun fiziksel, elektronik ve y\u00f6netimsel prosed\u00fcrleri uygulamaya koyduk.<\/span><\/p>\n<p><span>Bu sorumluluk reddi ile ilgili herhangi bir sorunuz varsa,\u00a0<\/span><span>ads@yeeti.com adresine e-posta g\u00f6nderebilirsiniz.<\/span><\/p>\n","protected":false},"excerpt":{"rendered":"<p>Ge\u00e7erlilik: 22 \u015eubat 2022 Accumoli.com, Yeeti Tech taraf\u0131ndan y\u00f6netilen blog a\u011f\u0131n\u0131n bir par\u00e7as\u0131d\u0131r.\u00a0Bu blog, nakit reklam, sponsorluk, \u00fccretli eklemeler veya di\u011fer tazminat bi\u00e7imlerini kabul eder.\u00a0Al\u0131nan tazminat, bu blogda yap\u0131lan i\u00e7eri\u011fi,&hellip;<\/p>\n","protected":false},"author":1,"featured_media":0,"parent":0,"menu_order":0,"comment_status":"closed","ping_status":"closed","template":"","meta":{"footnotes":""},"class_list":["post-28","page","type-page","status-publish"],"_links":{"self":[{"href":"https:\/\/lorgnon.com\/tr\/wp-json\/wp\/v2\/pages\/28","targetHints":{"allow":["GET"]}}],"collection":[{"href":"https:\/\/lorgnon.com\/tr\/wp-json\/wp\/v2\/pages"}],"about":[{"href":"https:\/\/lorgnon.com\/tr\/wp-json\/wp\/v2\/types\/page"}],"author":[{"embeddable":true,"href":"https:\/\/lorgnon.com\/tr\/wp-json\/wp\/v2\/users\/1"}],"replies":[{"embeddable":true,"href":"https:\/\/lorgnon.com\/tr\/wp-json\/wp\/v2\/comments?post=28"}],"version-history":[{"count":4,"href":"https:\/\/lorgnon.com\/tr\/wp-json\/wp\/v2\/pages\/28\/revisions"}],"predecessor-version":[{"id":307,"href":"https:\/\/lorgnon.com\/tr\/wp-json\/wp\/v2\/pages\/28\/revisions\/307"}],"wp:attachment":[{"href":"https:\/\/lorgnon.com\/tr\/wp-json\/wp\/v2\/media?parent=28"}],"curies":[{"name":"wp","href":"https:\/\/api.w.org\/{rel}","templated":true}]}}