{"id":21,"date":"2022-02-02T11:03:46","date_gmt":"2022-02-02T11:03:46","guid":{"rendered":"https:\/\/lorgnon.com\/?page_id=21"},"modified":"2022-04-13T17:01:56","modified_gmt":"2022-04-13T17:01:56","slug":"about-us","status":"publish","type":"page","link":"https:\/\/lorgnon.com\/tr\/about-us\/","title":{"rendered":"Bizim hakk\u0131m\u0131zda"},"content":{"rendered":"<p><strong><em>Sitemiz, Spor<\/em><\/strong>\u00a0\u00a0ve\u00a0\u00a0<em><strong>A\u00e7\u0131k Hava Aktiviteleri<\/strong><\/em>\u00a0arac\u0131l\u0131\u011f\u0131yla aktif ya\u015fam tarz\u0131n\u0131n tad\u0131n\u0131 \u00e7\u0131karma konusunda uzmanla\u015fm\u0131\u015f bir bilgi sitesidir\u00a0\u00a0.<\/p>\n<p>Spor, fitness ve a\u00e7\u0131k hava ya\u015fam tarz\u0131 trendleriyle ilgilenen insanlar i\u00e7in istisnai bir rehber olma hedefiyle tasarland\u0131.<\/p>\n<p>Blog, en son trendler hakk\u0131nda klasik ipu\u00e7lar\u0131 ve faydal\u0131 bilgiler sunuyor.<\/p>\n<p><strong><span class=\"goog-text-highlight\">Spor ve a\u00e7\u0131k hava etkinlikleri<\/span><\/strong><\/p>\n","protected":false},"excerpt":{"rendered":"<p>Sitemiz, Spor\u00a0\u00a0ve\u00a0\u00a0A\u00e7\u0131k Hava Aktiviteleri\u00a0arac\u0131l\u0131\u011f\u0131yla aktif ya\u015fam tarz\u0131n\u0131n tad\u0131n\u0131 \u00e7\u0131karma konusunda uzmanla\u015fm\u0131\u015f bir bilgi sitesidir\u00a0\u00a0. Spor, fitness ve a\u00e7\u0131k hava ya\u015fam tarz\u0131 trendleriyle ilgilenen insanlar i\u00e7in istisnai bir rehber olma hedefiyle&hellip;<\/p>\n","protected":false},"author":1,"featured_media":0,"parent":0,"menu_order":0,"comment_status":"closed","ping_status":"closed","template":"","meta":{"footnotes":""},"class_list":["post-21","page","type-page","status-publish"],"_links":{"self":[{"href":"https:\/\/lorgnon.com\/tr\/wp-json\/wp\/v2\/pages\/21","targetHints":{"allow":["GET"]}}],"collection":[{"href":"https:\/\/lorgnon.com\/tr\/wp-json\/wp\/v2\/pages"}],"about":[{"href":"https:\/\/lorgnon.com\/tr\/wp-json\/wp\/v2\/types\/page"}],"author":[{"embeddable":true,"href":"https:\/\/lorgnon.com\/tr\/wp-json\/wp\/v2\/users\/1"}],"replies":[{"embeddable":true,"href":"https:\/\/lorgnon.com\/tr\/wp-json\/wp\/v2\/comments?post=21"}],"version-history":[{"count":5,"href":"https:\/\/lorgnon.com\/tr\/wp-json\/wp\/v2\/pages\/21\/revisions"}],"predecessor-version":[{"id":417,"href":"https:\/\/lorgnon.com\/tr\/wp-json\/wp\/v2\/pages\/21\/revisions\/417"}],"wp:attachment":[{"href":"https:\/\/lorgnon.com\/tr\/wp-json\/wp\/v2\/media?parent=21"}],"curies":[{"name":"wp","href":"https:\/\/api.w.org\/{rel}","templated":true}]}}