{"id":26,"date":"2022-02-02T11:07:44","date_gmt":"2022-02-02T11:07:44","guid":{"rendered":"https:\/\/lorgnon.com\/?page_id=26"},"modified":"2022-05-18T11:42:05","modified_gmt":"2022-05-18T11:42:05","slug":"cookies-policy","status":"publish","type":"page","link":"https:\/\/lorgnon.com\/pl\/cookies-policy\/","title":{"rendered":"Polityka plik\u00f3w cookie"},"content":{"rendered":"<h3 class=\"entry-title\"><span><span class=\"\">Obowi\u0105zuje: 22 lutego 2022<\/span><\/span><\/h3>\n<p><span>Plik cookie to plik zawieraj\u0105cy identyfikator (ci\u0105g liter i cyfr), kt\u00f3ry jest wysy\u0142any przez serwer sieciowy do przegl\u0105darki internetowej i przechowywany przez przegl\u0105dark\u0119.\u00a0Identyfikator jest nast\u0119pnie odsy\u0142any do serwera za ka\u017cdym razem, gdy przegl\u0105darka \u017c\u0105da strony z serwera.\u00a0Pliki cookie mog\u0105 by\u0107 \u201etrwa\u0142ymi\u201d plikami cookie lub \u201esesyjnymi\u201d plikami cookie: trwa\u0142y plik cookie b\u0119dzie przechowywany przez przegl\u0105dark\u0119 internetow\u0105 i pozostanie wa\u017cny do ustalonej daty wyga\u015bni\u0119cia, chyba \u017ce u\u017cytkownik usunie go przed dat\u0105 wyga\u015bni\u0119cia;\u00a0natomiast sesyjny plik cookie wygasa pod koniec sesji u\u017cytkownika, gdy przegl\u0105darka internetowa jest zamkni\u0119ta.\u00a0Pliki cookie zazwyczaj nie zawieraj\u0105 \u017cadnych informacji umo\u017cliwiaj\u0105cych identyfikacj\u0119 u\u017cytkownika, ale dane osobowe, kt\u00f3re przechowujemy o Tobie, mog\u0105 by\u0107 powi\u0105zane z informacjami przechowywanymi w plikach cookie i uzyskiwanymi z nich.<\/span><\/p>\n<p>&nbsp;<\/p>\n<p><strong><span>KORZYSTANIE Z PLIK\u00d3W COOKIE<\/span><\/strong><\/p>\n<p><span>U\u017cywamy plik\u00f3w cookie w nast\u0119puj\u0105cych celach:<\/span><\/p>\n<p><span>(a) uwierzytelnianie \u2013 u\u017cywamy plik\u00f3w cookie, aby zidentyfikowa\u0107 Ci\u0119 podczas odwiedzania naszej strony internetowej oraz podczas poruszania si\u0119 po naszej stronie;<\/span><\/p>\n<p><span>(b) status \u2013 u\u017cywamy plik\u00f3w cookie, aby pom\u00f3c nam ustali\u0107, czy jeste\u015b zalogowany na naszej stronie;<\/span><\/p>\n<p><span>(c) personalizacja \u2013 u\u017cywamy plik\u00f3w cookies do przechowywania informacji o Twoich preferencjach oraz personalizacji serwisu dla Ciebie;<\/span><\/p>\n<p><span>(d) bezpiecze\u0144stwo \u2013 u\u017cywamy plik\u00f3w cookie jako elementu \u015brodk\u00f3w bezpiecze\u0144stwa stosowanych do ochrony kont u\u017cytkownik\u00f3w, w tym zapobiegania nieuczciwemu wykorzystywaniu danych logowania oraz do og\u00f3lnej ochrony naszej strony internetowej i us\u0142ug.<\/span><\/p>\n<p><span>(e) reklama \u2013 u\u017cywamy plik\u00f3w cookie, aby pom\u00f3c nam wy\u015bwietla\u0107 reklamy, kt\u00f3re b\u0119d\u0105 dla Ciebie odpowiednie;\u00a0oraz<\/span><\/p>\n<p><span>(f) analiza \u2013 u\u017cywamy plik\u00f3w cookie, aby pom\u00f3c nam analizowa\u0107 korzystanie i wydajno\u015b\u0107 naszej strony internetowej i us\u0142ug;<\/span><\/p>\n<p><span>Korzystamy z Google Analytics do analizy korzystania z naszej strony internetowej.\u00a0Google Analytics gromadzi informacje o korzystaniu ze strony internetowej za pomoc\u0105 plik\u00f3w cookies.\u00a0Zebrane informacje dotycz\u0105ce naszej strony internetowej s\u0142u\u017c\u0105 do tworzenia raport\u00f3w dotycz\u0105cych korzystania z naszej strony internetowej.\u00a0Polityka prywatno\u015bci Google jest dost\u0119pna pod adresem:\u00a0\u00a0<\/span><a href=\"https:\/\/translate.google.com\/website?sl=en&amp;tl=pl&amp;hl=en&amp;client=webapp&amp;u=https:\/\/www.google.com\/policies\/privacy\/\" rel=\"\"><strong><span>https:\/\/www.google.com\/policies\/privacy\/<\/span><\/strong><\/a><\/p>\n<p><span>Wi\u0119kszo\u015b\u0107 przegl\u0105darek umo\u017cliwia odmow\u0119 akceptowania plik\u00f3w cookie i usuwanie plik\u00f3w cookie.<\/span><\/p>\n<p><span>Nale\u017cy pami\u0119ta\u0107, \u017ce zablokowanie plik\u00f3w cookie mo\u017ce mie\u0107 negatywny wp\u0142yw na funkcjonowanie wielu stron internetowych, w tym naszej Witryny.\u00a0Niekt\u00f3re funkcje Witryny mog\u0105 przesta\u0107 by\u0107 dla Ciebie dost\u0119pne.<\/span><\/p>\n<p><span>Niekt\u00f3re gromadzone dane mog\u0105 by\u0107 danymi anonimowymi, kt\u00f3re s\u0105 \u0142\u0105czone w spos\u00f3b zbiorczy i nie identyfikuj\u0105 Ci\u0119 jako osoby.<\/span><\/p>\n<p><strong><span>Pliki cookie do reklam internetowych<\/span><\/strong><\/p>\n<p><span>Podobnie jak inne internetowe sieci reklamowe, u\u017cywamy plik\u00f3w cookie, sygna\u0142\u00f3w nawigacyjnych (znanych r\u00f3wnie\u017c jako znaczniki akcji lub jednopikselowe pliki GIF) i innych technologii (\u0142\u0105cznie \u201epliki cookie\u201d).\u00a0Pliki cookie pozwalaj\u0105 nam dowiedzie\u0107 si\u0119, jakie reklamy widzisz, jakie reklamy klikasz i jakie dzia\u0142ania podejmujesz w naszych witrynach i innych witrynach.\u00a0Dzi\u0119ki temu mo\u017cemy dostarcza\u0107 Ci bardziej przydatne i trafne reklamy.\u00a0Na przyk\u0142ad, je\u015bli wiemy, jakie reklamy s\u0105 Ci wy\u015bwietlane, mo\u017cemy uwa\u017ca\u0107, aby nie wy\u015bwietla\u0107 Ci tych samych wielokrotnie.<\/span><\/p>\n<p><span>Nie \u0142\u0105czymy Twojej interakcji z niepowi\u0105zanymi witrynami z Twoj\u0105 to\u017csamo\u015bci\u0105 w celu dostarczania Ci reklam opartych na zainteresowaniach.<\/span><\/p>\n<p><span>Nie przekazujemy \u017cadnych danych osobowych reklamodawcom ani witrynom stron trzecich, kt\u00f3re wy\u015bwietlaj\u0105 nasze reklamy oparte na zainteresowaniach.\u00a0Jednak reklamodawcy i inne strony trzecie (w tym sieci reklamowe, firmy dostarczaj\u0105ce reklamy i inni us\u0142ugodawcy, z kt\u00f3rych mog\u0105 korzysta\u0107) mog\u0105 zak\u0142ada\u0107, \u017ce u\u017cytkownicy, kt\u00f3rzy wchodz\u0105 w interakcj\u0119 lub klikaj\u0105 spersonalizowan\u0105 reklam\u0119 lub tre\u015b\u0107, s\u0105 cz\u0119\u015bci\u0105 grupy, kt\u00f3rej reklama lub tre\u015b\u0107 jest skierowana do (na przyk\u0142ad u\u017cytkownik\u00f3w z okre\u015blonego obszaru geograficznego lub u\u017cytkownik\u00f3w, kt\u00f3rzy kupili lub przegl\u0105dali muzyk\u0119 klasyczn\u0105).\u00a0Ponadto niekt\u00f3re strony trzecie mog\u0105 przekazywa\u0107 nam informacje o Tobie (takie jak dane demograficzne lub witryny, w kt\u00f3rych wy\u015bwietlano Ci reklamy) ze \u017ar\u00f3de\u0142 offline i online, z kt\u00f3rych mo\u017cemy korzysta\u0107, aby dostarcza\u0107 Ci bardziej trafnych i przydatnych reklam.<\/span><\/p>\n<p><span>Reklamodawcy zewn\u0119trzni lub firmy reklamowe dzia\u0142aj\u0105ce w ich imieniu czasami u\u017cywaj\u0105 technologii do wy\u015bwietlania reklam wy\u015bwietlanych w naszych witrynach bezpo\u015brednio w przegl\u0105darce.\u00a0Gdy to si\u0119 stanie, automatycznie otrzymaj\u0105 Tw\u00f3j adres IP.\u00a0Mog\u0105 r\u00f3wnie\u017c wykorzystywa\u0107 pliki cookie do mierzenia skuteczno\u015bci swoich reklam i personalizowania tre\u015bci reklamowych.\u00a0Nie mamy dost\u0119pu ani kontroli nad plikami cookie lub innymi funkcjami, z kt\u00f3rych mog\u0105 korzysta\u0107 reklamodawcy i witryny os\u00f3b trzecich, a praktyki informacyjne tych reklamodawc\u00f3w i witryn os\u00f3b trzecich nie s\u0105 obj\u0119te nasz\u0105 Polityk\u0105 prywatno\u015bci ani niniejsz\u0105 stron\u0105 Pliki cookie i reklamy internetowe.\u00a0Skontaktuj si\u0119 z nimi bezpo\u015brednio, aby uzyska\u0107 wi\u0119cej informacji na temat ich praktyk w zakresie prywatno\u015bci.<\/span><\/p>\n<p><strong><span>Pliki cookie dla Google Adsense<\/span><\/strong><\/p>\n<p><span>Zastrzegamy sobie r\u00f3wnie\u017c prawo do publikowania na tej stronie reklam Google Adsense opartych na zainteresowaniach.\u00a0S\u0105 one dostosowane przez Google do Twoich zainteresowa\u0144.\u00a0Aby okre\u015bli\u0107 Twoje zainteresowania, Google b\u0119dzie \u015bledzi\u0107 Twoje zachowanie w sieci za pomoc\u0105 plik\u00f3w cookie.\u00a0Mo\u017cesz przegl\u0105da\u0107, usuwa\u0107 lub dodawa\u0107 kategorie zainteresowa\u0144 powi\u0105zane z Twoj\u0105 przegl\u0105dark\u0105 za pomoc\u0105 Mened\u017cera preferencji reklam Google, dost\u0119pnego pod adresem: http:\/\/www.google.com\/ads\/preferences\/.\u00a0Mo\u017cesz r\u00f3wnie\u017c zrezygnowa\u0107 z pliku cookie sieci partnerskiej Adsense pod adresem: http:\/\/www.google.com\/privacy_ads.html.\u00a0Jednak ten mechanizm rezygnacji wykorzystuje plik cookie, a je\u015bli usuniesz pliki cookie z przegl\u0105darki, rezygnacja nie zostanie zachowana.\u00a0Aby mie\u0107 pewno\u015b\u0107, \u017ce rezygnacja jest utrzymywana w odniesieniu do konkretnej przegl\u0105darki, nale\u017cy u\u017cy\u0107 wtyczki Google do przegl\u0105darki dost\u0119pnej pod adresem: http:\/\/www.google.com\/ads\/preferences\/plugin.<\/span><\/p>\n<p><strong><span>Inne pliki cookie stron trzecich<\/span><\/strong><\/p>\n<p><span>Kiedy korzystasz z tej witryny, mo\u017cesz r\u00f3wnie\u017c otrzymywa\u0107 pliki cookie innych firm, kt\u00f3re mog\u0105 by\u0107 wykorzystywane do nast\u0119puj\u0105cych cel\u00f3w:<\/span><\/p>\n<p><span>l na podstawie wydajno\u015bci<\/span><br \/>\n<span>l lokalizacji geograficznej i u\u017cywanego urz\u0105dzenia<\/span><br \/>\n<span>l przegl\u0105darki i preferencji j\u0119zykowych<\/span><\/p>\n<p><strong><span>Odrzucanie plik\u00f3w cookie<\/span><\/strong><\/p>\n<p><span>Wi\u0119kszo\u015b\u0107 przegl\u0105darek umo\u017cliwia odmow\u0119 akceptowania plik\u00f3w cookie.<\/span><\/p>\n<p><span>W przegl\u0105darce Internet Explorer mo\u017cesz odrzuci\u0107 wszystkie pliki cookie, klikaj\u0105c \u201eNarz\u0119dzia\u201d, \u201eOpcje internetowe\u201d, \u201ePrywatno\u015b\u0107\u201d i wybieraj\u0105c \u201eZablokuj wszystkie pliki cookie\u201d za pomoc\u0105 przesuwanego selektora.<\/span><\/p>\n<p><span>W przegl\u0105darce Firefox mo\u017cesz dostosowa\u0107 ustawienia plik\u00f3w cookie, klikaj\u0105c \u201eNarz\u0119dzia\u201d, \u201eOpcje\u201d i \u201ePrywatno\u015b\u0107\u201d.<\/span><\/p>\n<p><span>Zablokowanie plik\u00f3w cookie b\u0119dzie mia\u0142o negatywny wp\u0142yw na u\u017cyteczno\u015b\u0107 niekt\u00f3rych stron internetowych.<\/span><\/p>\n<p>&nbsp;<\/p>\n<p><span>Twoje wybory w tej witrynie b\u0119d\u0105 mia\u0142y zastosowanie tylko do tej witryny.\u00a0Mo\u017cesz zmieni\u0107 swoje ustawienia w dowolnym momencie, w tym dost\u0119pne kroki w celu wycofania zgody, przechodz\u0105c do strony\u00a0\u00a0<\/span><a href=\"https:\/\/lorgnon-com.translate.goog\/privacy-policy\/?_x_tr_sl=en&amp;_x_tr_tl=pl&amp;_x_tr_hl=en&amp;_x_tr_pto=wapp\" rel=\"\"><u><span>Polityka prywatno\u015bci<\/span><\/u><\/a><span>\u00a0\u00a0tej witryny.<\/span><\/p>\n<p>&nbsp;<\/p>\n","protected":false},"excerpt":{"rendered":"<p>Obowi\u0105zuje: 22 lutego 2022 Plik cookie to plik zawieraj\u0105cy identyfikator (ci\u0105g liter i cyfr), kt\u00f3ry jest wysy\u0142any przez serwer sieciowy do przegl\u0105darki internetowej i przechowywany przez przegl\u0105dark\u0119.\u00a0Identyfikator jest nast\u0119pnie odsy\u0142any&hellip;<\/p>\n","protected":false},"author":1,"featured_media":0,"parent":0,"menu_order":0,"comment_status":"closed","ping_status":"closed","template":"","meta":{"footnotes":""},"class_list":["post-26","page","type-page","status-publish"],"_links":{"self":[{"href":"https:\/\/lorgnon.com\/pl\/wp-json\/wp\/v2\/pages\/26","targetHints":{"allow":["GET"]}}],"collection":[{"href":"https:\/\/lorgnon.com\/pl\/wp-json\/wp\/v2\/pages"}],"about":[{"href":"https:\/\/lorgnon.com\/pl\/wp-json\/wp\/v2\/types\/page"}],"author":[{"embeddable":true,"href":"https:\/\/lorgnon.com\/pl\/wp-json\/wp\/v2\/users\/1"}],"replies":[{"embeddable":true,"href":"https:\/\/lorgnon.com\/pl\/wp-json\/wp\/v2\/comments?post=26"}],"version-history":[{"count":0,"href":"https:\/\/lorgnon.com\/pl\/wp-json\/wp\/v2\/pages\/26\/revisions"}],"wp:attachment":[{"href":"https:\/\/lorgnon.com\/pl\/wp-json\/wp\/v2\/media?parent=26"}],"curies":[{"name":"wp","href":"https:\/\/api.w.org\/{rel}","templated":true}]}}