{"id":232,"date":"2022-02-25T17:00:09","date_gmt":"2022-02-25T17:00:09","guid":{"rendered":"https:\/\/lorgnon.com\/in\/?page_id=232"},"modified":"2022-05-18T11:41:15","modified_gmt":"2022-05-18T11:41:15","slug":"website-usage-policy","status":"publish","type":"page","link":"https:\/\/lorgnon.com\/pl\/website-usage-policy\/","title":{"rendered":"Zasady korzystania ze strony internetowej"},"content":{"rendered":"<p><strong><span><span class=\"\">Obowi\u0105zuje:<\/span><\/span><\/strong><span><span class=\"\">\u00a0\u00a022 LUTEGO 2022<\/span><\/span><\/p>\n<p><strong><span>TA STRONA PRZEDSTAWIA NASZ\u0104\u00a0\u00a0<\/span><u><span>POLITYK\u0118 KORZYSTANIA Z WITRYNY<\/span><\/u><span>\u00a0.\u00a0PROSIMY O UWA\u017bNE ZAPOZNANIE SI\u0118 Z NIM PRZED ROZPOCZ\u0118CIEM KORZYSTANIA Z TEJ STRONY.<\/span><\/strong><\/p>\n<p><span>Korzystaj\u0105c z \u201e\u00a0<\/span><strong><span>lorgnon.com\u201d<\/span><\/strong><span>\u00a0\u00a0(zwanej dalej \u201eWitryn\u0105\u201d, \u201eWitryn\u0105\u201d), wyra\u017casz zgod\u0119 na zasady wymienione na tej stronie.\u00a0<span class=\"\">Nasza Polityka prywatno\u015bci wraz z naszymi Warunkami u\u017cytkowania opisuje czynniki, kt\u00f3re mog\u0105 wp\u0142ywa\u0107 na nasze tre\u015bci redakcyjne, dane osobowe, kt\u00f3re zbieramy za po\u015brednictwem naszej Witryny, w jaki spos\u00f3b zbieramy te informacje oraz kt\u00f3re strony, je\u015bli w og\u00f3le, b\u0119d\u0105 mia\u0142y do \u200b\u200bnich dost\u0119p.<\/span><\/span><\/p>\n<p><span>Korzystaj\u0105c z Witryny, kt\u00f3ra jest w\u0142asno\u015bci\u0105 i jest obs\u0142ugiwana przez Yeeti Tech (\u201eFirma\u201d, \u201enas\u201d, \u201emy\u201d lub \u201enasz\u201d), wyra\u017anie akceptujesz, bez ogranicze\u0144 i zastrze\u017ce\u0144, nasze praktyki zwi\u0105zane z gromadzeniem, u\u017cytkowaniem i udost\u0119pnianiem danych osobowych podanych przez Ciebie w spos\u00f3b opisany na niniejszej Polityce.\u00a0Je\u015bli nie zgadzasz si\u0119 z warunkami na tej stronie zasad, nie wchod\u017a, nie przegl\u0105daj ani nie korzystaj z tej witryny.<\/span><\/p>\n<p><span>Zach\u0119camy do przegl\u0105dania tej strony za ka\u017cdym razem, gdy korzystasz z Witryny lub uzyskujesz dost\u0119p do niej, aby by\u0107 na bie\u017c\u0105co.<\/span><\/p>\n<p><strong><span>DANE KONTAKTOWE<\/span><\/strong><br \/>\n<span>Pe\u0142na nazwa osoby prawnej: Yeeti Tech Private Limited Company<\/span><\/p>\n<p><span><span class=\"goog-text-highlight\">Yeeti Tech<\/span><\/span><br \/>\n<span><span class=\"goog-text-highlight\">International Plaza #22-02<\/span><\/span><br \/>\n<span><span class=\"goog-text-highlight\">Singapur 079903<\/span><\/span><\/p>\n<p><span>Adres e-mail:\u00a0\u00a0<\/span><span>ads@yeeti.com<\/span><\/p>\n","protected":false},"excerpt":{"rendered":"<p>Obowi\u0105zuje:\u00a0\u00a022 LUTEGO 2022 TA STRONA PRZEDSTAWIA NASZ\u0104\u00a0\u00a0POLITYK\u0118 KORZYSTANIA Z WITRYNY\u00a0.\u00a0PROSIMY O UWA\u017bNE ZAPOZNANIE SI\u0118 Z NIM PRZED ROZPOCZ\u0118CIEM KORZYSTANIA Z TEJ STRONY. Korzystaj\u0105c z \u201e\u00a0lorgnon.com\u201d\u00a0\u00a0(zwanej dalej \u201eWitryn\u0105\u201d, \u201eWitryn\u0105\u201d), wyra\u017casz zgod\u0119&hellip;<\/p>\n","protected":false},"author":1,"featured_media":0,"parent":0,"menu_order":0,"comment_status":"closed","ping_status":"closed","template":"","meta":{"footnotes":""},"class_list":["post-232","page","type-page","status-publish"],"_links":{"self":[{"href":"https:\/\/lorgnon.com\/pl\/wp-json\/wp\/v2\/pages\/232","targetHints":{"allow":["GET"]}}],"collection":[{"href":"https:\/\/lorgnon.com\/pl\/wp-json\/wp\/v2\/pages"}],"about":[{"href":"https:\/\/lorgnon.com\/pl\/wp-json\/wp\/v2\/types\/page"}],"author":[{"embeddable":true,"href":"https:\/\/lorgnon.com\/pl\/wp-json\/wp\/v2\/users\/1"}],"replies":[{"embeddable":true,"href":"https:\/\/lorgnon.com\/pl\/wp-json\/wp\/v2\/comments?post=232"}],"version-history":[{"count":0,"href":"https:\/\/lorgnon.com\/pl\/wp-json\/wp\/v2\/pages\/232\/revisions"}],"wp:attachment":[{"href":"https:\/\/lorgnon.com\/pl\/wp-json\/wp\/v2\/media?parent=232"}],"curies":[{"name":"wp","href":"https:\/\/api.w.org\/{rel}","templated":true}]}}