{"id":21,"date":"2022-02-02T11:03:46","date_gmt":"2022-02-02T11:03:46","guid":{"rendered":"https:\/\/lorgnon.com\/?page_id=21"},"modified":"2022-05-20T17:02:56","modified_gmt":"2022-05-20T17:02:56","slug":"about-us","status":"publish","type":"page","link":"https:\/\/lorgnon.com\/pl\/about-us\/","title":{"rendered":"O nas"},"content":{"rendered":"<p><span>Nasza strona jest serwisem informacyjnym specjalizuj\u0105cym si\u0119 w prowadzeniu aktywnego trybu \u017cycia poprzez\u00a0\u00a0<\/span><strong><em><span>sport<\/span><\/em><\/strong><span>\u00a0\u00a0i\u00a0\u00a0<\/span><em><strong><span>rekreacj\u0119 na \u015bwie\u017cym powietrzu<\/span><\/strong><\/em><span>\u00a0.<\/span><\/p>\n<p><span>Powsta\u0142 z my\u015bl\u0105 o tym, by sta\u0107 si\u0119 wyj\u0105tkowym przewodnikiem dla os\u00f3b zainteresowanych sportem i fitnessem oraz trendami w outdoorowym stylu \u017cycia.<\/span><\/p>\n<p><span>Blog zawiera klasyczne wskaz\u00f3wki i pomocne informacje na temat najnowszych trend\u00f3w w<\/span><\/p>\n<p><strong><span class=\"goog-text-highlight\"><span>Sport i zaj\u0119cia na \u015bwie\u017cym powietrzu<\/span><\/span><\/strong><\/p>\n","protected":false},"excerpt":{"rendered":"<p>Nasza strona jest serwisem informacyjnym specjalizuj\u0105cym si\u0119 w prowadzeniu aktywnego trybu \u017cycia poprzez\u00a0\u00a0sport\u00a0\u00a0i\u00a0\u00a0rekreacj\u0119 na \u015bwie\u017cym powietrzu\u00a0. Powsta\u0142 z my\u015bl\u0105 o tym, by sta\u0107 si\u0119 wyj\u0105tkowym przewodnikiem dla os\u00f3b zainteresowanych sportem&hellip;<\/p>\n","protected":false},"author":1,"featured_media":0,"parent":0,"menu_order":0,"comment_status":"closed","ping_status":"closed","template":"","meta":{"footnotes":""},"class_list":["post-21","page","type-page","status-publish"],"_links":{"self":[{"href":"https:\/\/lorgnon.com\/pl\/wp-json\/wp\/v2\/pages\/21","targetHints":{"allow":["GET"]}}],"collection":[{"href":"https:\/\/lorgnon.com\/pl\/wp-json\/wp\/v2\/pages"}],"about":[{"href":"https:\/\/lorgnon.com\/pl\/wp-json\/wp\/v2\/types\/page"}],"author":[{"embeddable":true,"href":"https:\/\/lorgnon.com\/pl\/wp-json\/wp\/v2\/users\/1"}],"replies":[{"embeddable":true,"href":"https:\/\/lorgnon.com\/pl\/wp-json\/wp\/v2\/comments?post=21"}],"version-history":[{"count":1,"href":"https:\/\/lorgnon.com\/pl\/wp-json\/wp\/v2\/pages\/21\/revisions"}],"predecessor-version":[{"id":430,"href":"https:\/\/lorgnon.com\/pl\/wp-json\/wp\/v2\/pages\/21\/revisions\/430"}],"wp:attachment":[{"href":"https:\/\/lorgnon.com\/pl\/wp-json\/wp\/v2\/media?parent=21"}],"curies":[{"name":"wp","href":"https:\/\/api.w.org\/{rel}","templated":true}]}}