{"id":21,"date":"2022-02-02T11:03:46","date_gmt":"2022-02-02T11:03:46","guid":{"rendered":"https:\/\/lorgnon.com\/?page_id=21"},"modified":"2022-04-13T16:57:49","modified_gmt":"2022-04-13T16:57:49","slug":"about-us","status":"publish","type":"page","link":"https:\/\/lorgnon.com\/fr\/about-us\/","title":{"rendered":"\u00c0 Propos de Nous"},"content":{"rendered":"<p>Notre site est un site d\u2019information sp\u00e9cialis\u00e9 dans la jouissance d\u2019un mode de vie actif au moyen d\u2019\u00a0 activit\u00e9s\u00a0<strong><em>sportives<\/em><\/strong>\u00a0\u00a0et\u00a0\u00a0<em><strong>de plein air<\/strong><\/em>\u00a0.<\/p>\n<p>Il a \u00e9t\u00e9 con\u00e7u dans le but de devenir un guide exceptionnel pour les personnes int\u00e9ress\u00e9es par le sport et le fitness et les tendances du style de vie en plein air.<\/p>\n<p>Le blog propose des conseils classiques et des informations utiles sur les derni\u00e8res tendances en mati\u00e8re de<\/p>\n<p><strong><span class=\"goog-text-highlight\">Activit\u00e9s sportives et de plein air<\/span><\/strong><\/p>\n","protected":false},"excerpt":{"rendered":"<p>Notre site est un site d\u2019information sp\u00e9cialis\u00e9 dans la jouissance d\u2019un mode de vie actif au moyen d\u2019\u00a0 activit\u00e9s\u00a0sportives\u00a0\u00a0et\u00a0\u00a0de plein air\u00a0. Il a \u00e9t\u00e9 con\u00e7u dans le but de devenir&hellip;<\/p>\n","protected":false},"author":1,"featured_media":0,"parent":0,"menu_order":0,"comment_status":"closed","ping_status":"closed","template":"","meta":{"footnotes":""},"class_list":["post-21","page","type-page","status-publish"],"_links":{"self":[{"href":"https:\/\/lorgnon.com\/fr\/wp-json\/wp\/v2\/pages\/21","targetHints":{"allow":["GET"]}}],"collection":[{"href":"https:\/\/lorgnon.com\/fr\/wp-json\/wp\/v2\/pages"}],"about":[{"href":"https:\/\/lorgnon.com\/fr\/wp-json\/wp\/v2\/types\/page"}],"author":[{"embeddable":true,"href":"https:\/\/lorgnon.com\/fr\/wp-json\/wp\/v2\/users\/1"}],"replies":[{"embeddable":true,"href":"https:\/\/lorgnon.com\/fr\/wp-json\/wp\/v2\/comments?post=21"}],"version-history":[{"count":4,"href":"https:\/\/lorgnon.com\/fr\/wp-json\/wp\/v2\/pages\/21\/revisions"}],"predecessor-version":[{"id":434,"href":"https:\/\/lorgnon.com\/fr\/wp-json\/wp\/v2\/pages\/21\/revisions\/434"}],"wp:attachment":[{"href":"https:\/\/lorgnon.com\/fr\/wp-json\/wp\/v2\/media?parent=21"}],"curies":[{"name":"wp","href":"https:\/\/api.w.org\/{rel}","templated":true}]}}