{"id":21,"date":"2022-02-02T11:03:46","date_gmt":"2022-02-02T11:03:46","guid":{"rendered":"https:\/\/lorgnon.com\/?page_id=21"},"modified":"2022-04-13T17:11:46","modified_gmt":"2022-04-13T17:11:46","slug":"about-us","status":"publish","type":"page","link":"https:\/\/lorgnon.com\/es\/about-us\/","title":{"rendered":"Sobre Nosotros"},"content":{"rendered":"<p>Nuestro sitio es un portal de informaci\u00f3n especializado en disfrutar de un estilo de vida activo a trav\u00e9s del\u00a0\u00a0<strong><em>Deporte<\/em><\/strong>\u00a0\u00a0y\u00a0 las\u00a0<em><strong>Actividades al Aire Libre<\/strong><\/em>\u00a0.<\/p>\n<p>Fue concebido con el objetivo de convertirse en una gu\u00eda excepcional para las personas interesadas en el deporte y el fitness y las tendencias en el estilo de vida al aire libre.<\/p>\n<p>El blog ofrece consejos cl\u00e1sicos e informaci\u00f3n \u00fatil sobre las \u00faltimas tendencias en<\/p>\n<p><strong><span class=\"goog-text-highlight\">Deportes y actividades al aire libre<\/span><\/strong><\/p>\n","protected":false},"excerpt":{"rendered":"<p>Nuestro sitio es un portal de informaci\u00f3n especializado en disfrutar de un estilo de vida activo a trav\u00e9s del\u00a0\u00a0Deporte\u00a0\u00a0y\u00a0 las\u00a0Actividades al Aire Libre\u00a0. Fue concebido con el objetivo de convertirse&hellip;<\/p>\n","protected":false},"author":1,"featured_media":0,"parent":0,"menu_order":0,"comment_status":"closed","ping_status":"closed","template":"","meta":{"footnotes":""},"class_list":["post-21","page","type-page","status-publish"],"_links":{"self":[{"href":"https:\/\/lorgnon.com\/es\/wp-json\/wp\/v2\/pages\/21","targetHints":{"allow":["GET"]}}],"collection":[{"href":"https:\/\/lorgnon.com\/es\/wp-json\/wp\/v2\/pages"}],"about":[{"href":"https:\/\/lorgnon.com\/es\/wp-json\/wp\/v2\/types\/page"}],"author":[{"embeddable":true,"href":"https:\/\/lorgnon.com\/es\/wp-json\/wp\/v2\/users\/1"}],"replies":[{"embeddable":true,"href":"https:\/\/lorgnon.com\/es\/wp-json\/wp\/v2\/comments?post=21"}],"version-history":[{"count":4,"href":"https:\/\/lorgnon.com\/es\/wp-json\/wp\/v2\/pages\/21\/revisions"}],"predecessor-version":[{"id":414,"href":"https:\/\/lorgnon.com\/es\/wp-json\/wp\/v2\/pages\/21\/revisions\/414"}],"wp:attachment":[{"href":"https:\/\/lorgnon.com\/es\/wp-json\/wp\/v2\/media?parent=21"}],"curies":[{"name":"wp","href":"https:\/\/api.w.org\/{rel}","templated":true}]}}