{"id":21,"date":"2022-02-02T11:03:46","date_gmt":"2022-02-02T11:03:46","guid":{"rendered":"https:\/\/lorgnon.com\/de\/uber-uns"},"modified":"2022-04-13T17:20:33","modified_gmt":"2022-04-13T17:20:33","slug":"uber-uns","status":"publish","type":"page","link":"https:\/\/lorgnon.com\/de\/uber-uns\/","title":{"rendered":"\u00dcber uns"},"content":{"rendered":"<p>Unsere Website ist eine Informationswebsite, die darauf spezialisiert ist, einen aktiven Lebensstil durch\u00a0\u00a0<strong><em>Sport-<\/em><\/strong>\u00a0\u00a0und\u00a0\u00a0<em><strong>Outdoor-Aktivit\u00e4ten<\/strong><\/em>\u00a0zu genie\u00dfen .<\/p>\n<p>Es wurde mit dem Ziel konzipiert, ein au\u00dfergew\u00f6hnlicher Ratgeber f\u00fcr Menschen zu werden, die sich f\u00fcr Sport und Fitness und Trends im Outdoor-Lifestyle interessieren.<\/p>\n<p>Der Blog bietet klassische Tipps und hilfreiche Informationen zu den neuesten Trends in<\/p>\n<p><strong><span class=\"goog-text-highlight\">Sport und Outdoor-Aktivit\u00e4ten<\/span><\/strong><\/p>\n","protected":false},"excerpt":{"rendered":"<p>Unsere Website ist eine Informationswebsite, die darauf spezialisiert ist, einen aktiven Lebensstil durch\u00a0\u00a0Sport-\u00a0\u00a0und\u00a0\u00a0Outdoor-Aktivit\u00e4ten\u00a0zu genie\u00dfen . Es wurde mit dem Ziel konzipiert, ein au\u00dfergew\u00f6hnlicher Ratgeber f\u00fcr Menschen zu werden, die sich&hellip;<\/p>\n","protected":false},"author":1,"featured_media":0,"parent":0,"menu_order":0,"comment_status":"closed","ping_status":"closed","template":"","meta":{"footnotes":""},"class_list":["post-21","page","type-page","status-publish"],"_links":{"self":[{"href":"https:\/\/lorgnon.com\/de\/wp-json\/wp\/v2\/pages\/21","targetHints":{"allow":["GET"]}}],"collection":[{"href":"https:\/\/lorgnon.com\/de\/wp-json\/wp\/v2\/pages"}],"about":[{"href":"https:\/\/lorgnon.com\/de\/wp-json\/wp\/v2\/types\/page"}],"author":[{"embeddable":true,"href":"https:\/\/lorgnon.com\/de\/wp-json\/wp\/v2\/users\/1"}],"replies":[{"embeddable":true,"href":"https:\/\/lorgnon.com\/de\/wp-json\/wp\/v2\/comments?post=21"}],"version-history":[{"count":2,"href":"https:\/\/lorgnon.com\/de\/wp-json\/wp\/v2\/pages\/21\/revisions"}],"predecessor-version":[{"id":495,"href":"https:\/\/lorgnon.com\/de\/wp-json\/wp\/v2\/pages\/21\/revisions\/495"}],"wp:attachment":[{"href":"https:\/\/lorgnon.com\/de\/wp-json\/wp\/v2\/media?parent=21"}],"curies":[{"name":"wp","href":"https:\/\/api.w.org\/{rel}","templated":true}]}}