{"id":21,"date":"2022-02-02T11:03:46","date_gmt":"2022-02-02T11:03:46","guid":{"rendered":"https:\/\/lorgnon.com\/?page_id=21"},"modified":"2022-04-13T16:53:00","modified_gmt":"2022-04-13T16:53:00","slug":"about-us","status":"publish","type":"page","link":"https:\/\/lorgnon.com\/br\/about-us\/","title":{"rendered":"Sobre N\u00f3s"},"content":{"rendered":"<p>Nosso site \u00e9 um site de informa\u00e7\u00e3o especializado em desfrutar de um estilo de vida ativo por meio de\u00a0\u00a0<strong><em>esportes<\/em><\/strong>\u00a0\u00a0e\u00a0\u00a0<em><strong>atividades ao ar livre<\/strong><\/em>\u00a0.<\/p>\n<p>Foi concebido com o objetivo de se tornar um guia excepcional para pessoas interessadas em esportes e fitness e tend\u00eancias no estilo de vida ao ar livre.<\/p>\n<p>O blog oferece dicas cl\u00e1ssicas e informa\u00e7\u00f5es \u00fateis sobre as \u00faltimas tend\u00eancias em<\/p>\n<p><strong><span class=\"goog-text-highlight\">Esportes e atividades ao ar livre<\/span><\/strong><\/p>\n","protected":false},"excerpt":{"rendered":"<p>Nosso site \u00e9 um site de informa\u00e7\u00e3o especializado em desfrutar de um estilo de vida ativo por meio de\u00a0\u00a0esportes\u00a0\u00a0e\u00a0\u00a0atividades ao ar livre\u00a0. Foi concebido com o objetivo de se tornar&hellip;<\/p>\n","protected":false},"author":1,"featured_media":0,"parent":0,"menu_order":0,"comment_status":"closed","ping_status":"closed","template":"","meta":{"footnotes":""},"class_list":["post-21","page","type-page","status-publish"],"_links":{"self":[{"href":"https:\/\/lorgnon.com\/br\/wp-json\/wp\/v2\/pages\/21","targetHints":{"allow":["GET"]}}],"collection":[{"href":"https:\/\/lorgnon.com\/br\/wp-json\/wp\/v2\/pages"}],"about":[{"href":"https:\/\/lorgnon.com\/br\/wp-json\/wp\/v2\/types\/page"}],"author":[{"embeddable":true,"href":"https:\/\/lorgnon.com\/br\/wp-json\/wp\/v2\/users\/1"}],"replies":[{"embeddable":true,"href":"https:\/\/lorgnon.com\/br\/wp-json\/wp\/v2\/comments?post=21"}],"version-history":[{"count":1,"href":"https:\/\/lorgnon.com\/br\/wp-json\/wp\/v2\/pages\/21\/revisions"}],"predecessor-version":[{"id":589,"href":"https:\/\/lorgnon.com\/br\/wp-json\/wp\/v2\/pages\/21\/revisions\/589"}],"wp:attachment":[{"href":"https:\/\/lorgnon.com\/br\/wp-json\/wp\/v2\/media?parent=21"}],"curies":[{"name":"wp","href":"https:\/\/api.w.org\/{rel}","templated":true}]}}